{"id":494263,"date":"2016-02-02T16:12:46","date_gmt":"2016-02-02T15:12:46","guid":{"rendered":"http:\/\/www.redfair.de\/?page_id=494263"},"modified":"2017-08-18T09:39:23","modified_gmt":"2017-08-18T07:39:23","slug":"faqs","status":"publish","type":"page","link":"https:\/\/nk-altteile.5477453031063.hostingkunde.de\/?page_id=494263&lang=de","title":{"rendered":"Fragen &#038; Antworten"},"content":{"rendered":"<h1>1. Allgemeine Fragen<\/h1>\n<h3>1.1. Was ist NK THE RELIABLE PART?<\/h3>\n<p>NK THE RELIABLE PART ist eine Marke f\u00fcr Starter und Generatoren. Unter nk-autoparts.com k\u00f6nnen Sie schnell, einfach, bequem und sicher Ihre alten Starter und Generatoren zu attraktiven Festpreisen in Zahlung geben.<\/p>\n<h3>1.2. Was sind die Vorteile?<\/h3>\n<p>NK THE RELIABLE PART bringt Ihnen verschiedene, entscheidende Vorteile:<\/p>\n<ul>\n<li>Sie kaufen Starter und Generatoren ohne Pfand<\/li>\n<li>Bei NK THE RELIABLE PART k\u00f6nnen Sie schnell und bequem ihre ausgebauten Starter und Generatoren verkaufen: Preise online pr\u00fcfen, Altteile in den NK THE RELIABLE PART-Karton stecken, Geld bekommen. Einfacher geht&#8217;s nicht!<\/li>\n<li>F\u00fcr Pakete ab 25 kg (ca. 4-6 Aggregate) \u00fcbernehmen wir die Versandkosten.<\/li>\n<\/ul>\n<h3>1.3. Wie funktioniert\u2019s?<\/h3>\n<p>Bei NK THE RELIABLE PART verkaufen ist kinderleicht: Geben Sie einfach die NK THE RELIABLE PART-Nummer (z.B. RF45340G) in das entsprechende Eingabefeld auf nk-autoparts.com ein. Daraufhin erscheint sofort der Ankaufspreis f\u00fcr die ausgebauten OE-Artikel, die zu dieser NK THE RELIABLE PART-Nummer geh\u00f6ren. Sie k\u00f6nnen den Artikel dann in Ihre Gitterbox legen und diesen Schritt so oft wiederholen, bis sich alle Artikel, in der Gitterbox befinden. Sobald Sie alles eingegeben haben, k\u00f6nnen Sie zur Kasse gehen und den Verkauf abschlie\u00dfen.<\/p>\n<h3>1.4. Wie schlie\u00dfe ich den Verkauf ab?<\/h3>\n<p>Der Abschluss Ihres Verkaufs ist unkompliziert und dauert nur wenige Minuten:<\/p>\n<ul>\n<li>Wenn Sie alle Artikel in die Gitterbox gelegt haben, klicken Sie auf &#8222;Verkauf abschlie\u00dfen&#8220;.<\/li>\n<li>Falls Sie noch nicht eingeloggt sind, loggen Sie sich jetzt mit Ihrem Benutzernamen und mit Ihrem Passwort ein. Wenn Sie das erste Mal bei NK THE RELIABLE PART sind, m\u00fcssen Sie sich zun\u00e4chst registrieren. Die Registrierung ist kostenlos und dauert nur eine Minute.<\/li>\n<li>Dann best\u00e4tigen Sie den Verkauf per Mausklick. Jetzt m\u00fcssen Sie nur noch den Lieferschein ausdrucken, alle Artikel mitsamt dem Lieferschein in ein Paket stecken, den Adressaufkleber aufs Paket kleben und das Paket einsenden<\/li>\n<li>Fertig! In wenigen Tagen erhalten Sie Ihr Geld per Bank\u00fcberweisung.<\/li>\n<\/ul>\n<h3>1.5. Wie kann ich meine Artikel einschicken?<\/h3>\n<p>Unsere Empfehlung: 5 Artikel sammeln und kostenfreier Versand durch DHL nutzen. Wenn Sie unsere kostenfreien Versandm\u00f6glichkeit nicht in Anspruch nehmen m\u00f6chten, k\u00f6nnen Sie Ihr Paket nat\u00fcrlich auch auf eigene Kosten einsenden. Bitte beachten Sie, dass wir in diesem Fall keine Versandkosten erstatten oder mit dem Verkaufserl\u00f6s verrechnen.<\/p>\n<h3>1.6. Was hat es mit den Versandpapieren auf sich?<\/h3>\n<p>Die Versandpapiere enthalten wichtige Informationen, die unseren Mitarbeitern die Bearbeitung Ihres Verkaufsauftrags erleichtern. Die Versandpapiere werden automatisch ausgef\u00fcllt, Sie m\u00fcssen sie nur noch per Mausklick ausdrucken und Ihrem Paket beilegen. Falls Sie keinen Drucker haben, gen\u00fcgt ein handschriftlicher Packzettel mit folgenden Informationen:<\/p>\n<ul>\n<li>Auftragsnummer<\/li>\n<li>Ihre Anschrift<\/li>\n<li>Ihre Kontodaten<\/li>\n<li>Anzahl und Gesamtpreis<\/li>\n<li>Datum und Unterschrift<\/li>\n<\/ul>\n<h3>1.7. Wie komme ich an mein Geld?<\/h3>\n<p>Nachdem wir Ihre Artikel erhalten und gepr\u00fcft haben, \u00fcberweisen wir Ihnen Ihre Gutschrift auf Ihr Bankkonto. Insgesamt dauert es in der Regel circa zwei Wochen, bis das Geld auf Ihrem Konto eingetroffen ist.<\/p>\n<h3>1.8. Wie kommen die Preise zustande?<\/h3>\n<p>Unsere Preise werden anhand unserer Erfahrungen aus Angebot und Nachfrage, unseren Kosten beim Versand, Pr\u00fcfen und Lagern sowie einem Risikoabschlag errechnet. Daher k\u00f6nnen sich Preise \u00e4ndern oder Artikel f\u00fcr uns fast wertlos sein, wenn es keine entsprechende Nachfrage gibt.<\/p>\n<h1>2. Welche Artikel werden angekauft?<\/h1>\n<h3>2.1. Welche Artikel kauft Ihr an und welche nicht?<\/h3>\n<p>Wir kaufen alle Altteile an, die die NK THE RELIABLE PART-Range umfasst.<\/p>\n<h3>2.2. Welche Ankaufsbedingungen gelten bei Startern und Generatoren?<\/h3>\n<p>Grunds\u00e4tzlich kaufen wir nur Altteile an, die in einem instandsetzungsf\u00e4higen Zustand sind, d.h. Originalteile, die unseren Altteilkriterien entsprechen. Hinweis: Wenn wir Artikel erhalten, die nicht unseren Ankaufsbedingungen entsprechen, bitten wir Sie um Ihre Entscheidung. M\u00f6chten Sie den Artikel zur\u00fcckerhalten (kostenpflichtig; Versandkosten 8 Euro) oder soll der Artikel recycelt werden (keine Kosten)?<\/p>\n<h3>2.3. Was passiert mit Artikeln, die uns im Rahmen eines Verkaufs mitgeschickt werden, die aber nicht in der Gitterbox erfasst wurden?<\/h3>\n<p>Artikel, die wir laut Gitterbox nicht erwarten, behandeln wir wie Recycling-Artikel. F\u00fcr diese Artikel k\u00f6nnen wir leider keine Erstattung und auch keinen kostenlosen R\u00fcckversand bieten. Im Gegenzug stellen wir auch keine Kosten f\u00fcr die Bearbeitung und Entsorgung in Rechnung.<\/p>\n<h3>2.4. Was passiert mit Artikeln, die nicht den Ankaufsbedingungen entsprechen?<\/h3>\n<p>Wenn Artikel nicht unseren Ankaufsbedingungen entsprechen, k\u00f6nnen wir sie nicht ankaufen. Sie erhalten dann von uns eine Nachricht, in der wir Ihnen den Ablehnungsgrund f\u00fcr den Artikel nennen. Wir fragen Sie dann, ob Sie den Artikel wieder zur\u00fcckerhalten m\u00f6chten (kostenpflichtig) oder ob wir den Artikel f\u00fcr Sie umweltgerecht recyceln sollen (keine Kosten).<\/p>\n<p>Wenn Sie sich f\u00fcr die R\u00fccksendung Ihrer abgelehnten Artikel entscheiden, entstehen Ihnen Versandkosten in H\u00f6he von 7 Euro. Die Versandkosten verrechnen wir mit Ihrem restlichen Guthaben aus Ihrem Verkauf.<\/p>\n<h2>3. Fragen zu Versand und Auszahlung<\/h2>\n<h3>3.1. Wie lautet die Lieferanschrift?<\/h3>\n<p>Bitte schicken Sie Ihre Pakete &#8211; abh\u00e4ngig von der Zusammensetzung des Verkaufs &#8211; an eine der folgenden Adressen:<\/p>\n<p>NK THE RELIABLE PART<br \/>\nCo M. Friesen GmbH<\/p>\n<p>Am Heidering 16<br \/>\n16515 Oranienburg<\/p>\n<h3>3.2. Wer bezahlt das Porto?<\/h3>\n<p>F\u00fcr Pakete mit einem Gewicht von mind. 25 kg bzw. f\u00fcr Pakete von mindestens 5 Artikeln \u00fcbernehmen wir das Porto.<\/p>\n<h3>3.3. Kann ich mein Paket auch unfrei einschicken?<\/h3>\n<p>Unfreie Paketsendungen k\u00f6nnen wir leider nicht entgegennehmen, da uns die Post daf\u00fcr 15 Euro pro Paket in Rechnung stellt.<\/p>\n<h3>3.4. Wie viel darf ein Paket h\u00f6chstens wiegen, wenn ich es selbst einliefere?<\/h3>\n<p>Wenn Sie Ihr Paket bei Hermes selbst einliefern m\u00f6chten, dann achten Sie bitte darauf, dass dieses Paket maximal 25 kg wiegen darf. Bei DHL betr\u00e4gt das Paketlimit 31,5 kg.<\/p>\n<h3>3.5. Wie schnell komme ich an mein Geld?<\/h3>\n<p>Wenn Ihre Artikel bei uns eingehen, werden Sie zun\u00e4chst von uns gepr\u00fcft. Im Anschluss \u00fcberweisen wir Ihnen umgehend Ihre Gutschrift auf Ihr Bankkonto.<\/p>\n<p>Wenn wir von Ihnen Artikel erhalten haben, die nicht unseren Ankaufsbedingungen entsprechen, wird die Auszahlung veranlasst, sobald Sie uns Ihre Entscheidung mitgeteilt haben. Sie erhalten von uns eine E-Mail-Benachrichtigung und entscheiden dann, ob wir den Artikel zur\u00fccksenden (kostenpflichtig; 8 Euro) oder recyceln (keine Kosten). Die Versandkosten verrechnen wir mit Ihrem restlichen Guthaben aus Ihrem Verkauf.<\/p>\n<h3>3.6.Gibt es noch andere Zahlungswege, z.B. PayPal, Bargeld oder Scheck?<\/h3>\n<p>Nein. Aus Sicherheitsgr\u00fcnden arbeiten wir nur mit Bank\u00fcberweisungen.<\/p>\n<h3>3.7. Wie verpacke ich meine Artikel richtig?<\/h3>\n<p>5 Tipps, wie Ihre Artikel wohlbehalten bei uns ankommen.<\/p>\n<ol>\n<li><em>Au\u00dfenverpackung<\/em><br \/>\nBitte verwenden Sie f\u00fcr Ihr Paket eine stabile Au\u00dfenverpackung. Im Baumarkt k\u00f6nnen Sie Versandkartons preisg\u00fcnstig kaufen. Oder Sie haben vielleicht noch einen sauberen und unbesch\u00e4digten Karton. Tipp: Fragen Sie im Supermarkt um die Ecke nach einem geeigneten Karton.<\/li>\n<li><em>Verpackungsgr\u00f6\u00dfe<\/em><br \/>\nIhr Paket sollte im Verh\u00e4ltnis zum Inhalt nicht zu gro\u00df sein, damit Ihre Artikel im Paket nicht rutschen und sich gegenseitig besch\u00e4digen. Planen Sie etwas Platz f\u00fcr die Polsterung ein.<\/li>\n<li><em>Polsterung<\/em><br \/>\nIhre Artikel sollten weder mit der Au\u00dfenverpackung (auch Boden und Deckel) als auch untereinander Kontakt haben. Polstern Sie Ihre Artikel am besten mit zerkn\u00fclltem Papier oder Luftpolsterfolie.<br \/>\nBitte verwenden Sie nur geeignetes und sauberes Material.<\/li>\n<li><em>Keine Hohlr\u00e4ume<\/em><br \/>\nBeim Transport muss Ihr Paket einiges aushalten. Hohlr\u00e4ume in Ihrem Paket k\u00f6nnen dazu f\u00fchren, dass die Au\u00dfenverpackung eingedr\u00fcckt wird oder rei\u00dft. F\u00fcllen Sie die Hohlr\u00e4ume mit Polstermaterial. \u00dcbrigens: Die Ecken und Kanten Ihres Paketes werden am meisten beansprucht. Polstern Sie sie besonders gr\u00fcndlich.<\/li>\n<li><em>Paket sicher verschlie\u00dfen<\/em><br \/>\nVerwenden Sie breites Paketklebeband. Verkleben Sie die Schlitze der Boden- und Deckelseite mindestens einmal und benutzen Sie Klebeband auch f\u00fcr die offenen Kanten Ihres Paketes. Bei schweren Paketen sorgt ein Kreuz um die Mitte f\u00fcr zus\u00e4tzliche Stabilit\u00e4t.<br \/>\nWichtiger Hinweis: Besch\u00e4digte oder mangelhafte Ware kaufen wir nicht an. Dies gilt auch f\u00fcr Sch\u00e4den, die auf nicht ordnungsgem\u00e4\u00dfe Verpackung zur\u00fcckzuf\u00fchren sind.<\/li>\n<\/ol>\n<p>&nbsp;<\/p>\n<h2>4.Verschiedenes<\/h2>\n<h3>4.1. Was macht Ihr mit den angekauften Artikeln?<\/h3>\n<p>Die Artikel werden professionell aufgearbeitet und unter der Marke NK THE RELIABLE PART verkauft<\/p>\n<h3>4.2. Welchen Beitrag leistet NK THE RELIABLE PART zum Umweltschutz?<\/h3>\n<p>Jedes Aggregat, das Sie uns verkaufen ist ein Beitrag zum Umweltschutz. Die Instandsetzung von Startern und Generatoren ist ein deutliches Ausrufezeichen gegen Ressourcenverschwendung! <\/p>\n","protected":false},"excerpt":{"rendered":"<p>1. Allgemeine Fragen 1.1. Was ist ? ist eine Marke f\u00fcr Starter und Generatoren. Unter k\u00f6nnen Sie schnell, einfach, bequem und sicher Ihre alten Starter und Generatoren zu attraktiven Festpreisen in Zahlung geben. 1.2. Was sind die Vorteile? bringt Ihnen verschiedene, entscheidende Vorteile: Sie kaufen Starter und Generatoren ohne Pfand Bei k\u00f6nnen Sie schnell und [&hellip;]<\/p>\n","protected":false},"author":1,"featured_media":0,"parent":0,"menu_order":0,"comment_status":"closed","ping_status":"closed","template":"","meta":[],"tags":[],"yoast_head":"<!-- This site is optimized with the Yoast SEO plugin v14.8.1 - https:\/\/yoast.com\/wordpress\/plugins\/seo\/ -->\n<meta name=\"robots\" content=\"noindex, follow\" \/>\n<meta property=\"og:locale\" content=\"en_US\" \/>\n<meta property=\"og:type\" content=\"article\" \/>\n<meta property=\"og:title\" content=\"Fragen &amp; Antworten - NK-Altteile\" \/>\n<meta property=\"og:description\" content=\"1. Allgemeine Fragen 1.1. Was ist ? ist eine Marke f\u00fcr Starter und Generatoren. Unter k\u00f6nnen Sie schnell, einfach, bequem und sicher Ihre alten Starter und Generatoren zu attraktiven Festpreisen in Zahlung geben. 1.2. Was sind die Vorteile? bringt Ihnen verschiedene, entscheidende Vorteile: Sie kaufen Starter und Generatoren ohne Pfand Bei k\u00f6nnen Sie schnell und [&hellip;]\" \/>\n<meta property=\"og:url\" content=\"https:\/\/nk-altteile.5477453031063.hostingkunde.de\/?page_id=494263&amp;lang=de\" \/>\n<meta property=\"og:site_name\" content=\"NK-Altteile\" \/>\n<meta property=\"article:modified_time\" content=\"2017-08-18T07:39:23+00:00\" \/>\n<meta name=\"twitter:card\" content=\"summary_large_image\" \/>\n<script type=\"application\/ld+json\" class=\"yoast-schema-graph\">{\"@context\":\"https:\/\/schema.org\",\"@graph\":[{\"@type\":\"WebSite\",\"@id\":\"https:\/\/nk-altteile.5477453031063.hostingkunde.de\/#website\",\"url\":\"https:\/\/nk-altteile.5477453031063.hostingkunde.de\/\",\"name\":\"NK-Altteile\",\"description\":\"Wir kaufen Altteile wie Anlasser und Lichtmaschinen an\",\"potentialAction\":[{\"@type\":\"SearchAction\",\"target\":\"https:\/\/nk-altteile.5477453031063.hostingkunde.de\/?s={search_term_string}\",\"query-input\":\"required name=search_term_string\"}],\"inLanguage\":\"de\"},{\"@type\":\"WebPage\",\"@id\":\"https:\/\/nk-altteile.5477453031063.hostingkunde.de\/?page_id=494263&lang=de#webpage\",\"url\":\"https:\/\/nk-altteile.5477453031063.hostingkunde.de\/?page_id=494263&lang=de\",\"name\":\"Fragen & Antworten - NK-Altteile\",\"isPartOf\":{\"@id\":\"https:\/\/nk-altteile.5477453031063.hostingkunde.de\/#website\"},\"datePublished\":\"2016-02-02T15:12:46+00:00\",\"dateModified\":\"2017-08-18T07:39:23+00:00\",\"inLanguage\":\"de\",\"potentialAction\":[{\"@type\":\"ReadAction\",\"target\":[\"https:\/\/nk-altteile.5477453031063.hostingkunde.de\/?page_id=494263&lang=de\"]}]}]}<\/script>\n<!-- \/ Yoast SEO plugin. -->","_links":{"self":[{"href":"https:\/\/nk-altteile.5477453031063.hostingkunde.de\/index.php?rest_route=\/wp\/v2\/pages\/494263"}],"collection":[{"href":"https:\/\/nk-altteile.5477453031063.hostingkunde.de\/index.php?rest_route=\/wp\/v2\/pages"}],"about":[{"href":"https:\/\/nk-altteile.5477453031063.hostingkunde.de\/index.php?rest_route=\/wp\/v2\/types\/page"}],"author":[{"embeddable":true,"href":"https:\/\/nk-altteile.5477453031063.hostingkunde.de\/index.php?rest_route=\/wp\/v2\/users\/1"}],"replies":[{"embeddable":true,"href":"https:\/\/nk-altteile.5477453031063.hostingkunde.de\/index.php?rest_route=%2Fwp%2Fv2%2Fcomments&post=494263"}],"version-history":[{"count":306,"href":"https:\/\/nk-altteile.5477453031063.hostingkunde.de\/index.php?rest_route=\/wp\/v2\/pages\/494263\/revisions"}],"predecessor-version":[{"id":500594,"href":"https:\/\/nk-altteile.5477453031063.hostingkunde.de\/index.php?rest_route=\/wp\/v2\/pages\/494263\/revisions\/500594"}],"wp:attachment":[{"href":"https:\/\/nk-altteile.5477453031063.hostingkunde.de\/index.php?rest_route=%2Fwp%2Fv2%2Fmedia&parent=494263"}],"wp:term":[{"taxonomy":"post_tag","embeddable":true,"href":"https:\/\/nk-altteile.5477453031063.hostingkunde.de\/index.php?rest_route=%2Fwp%2Fv2%2Ftags&post=494263"}],"curies":[{"name":"wp","href":"https:\/\/api.w.org\/{rel}","templated":true}]}}