{"id":494149,"date":"2016-01-05T16:48:15","date_gmt":"2016-01-05T14:48:15","guid":{"rendered":"http:\/\/www.redfair.de\/?page_id=494149"},"modified":"2016-11-04T16:08:43","modified_gmt":"2016-11-04T15:08:43","slug":"altteilkriterien","status":"publish","type":"page","link":"https:\/\/nk-altteile.5477453031063.hostingkunde.de\/?page_id=494149&lang=de","title":{"rendered":"Altteilkriterien"},"content":{"rendered":"<div style=\"float:left\"><img src=\"http:\/\/www.redfair.de\/wp-content\/uploads\/2016\/02\/nkREDfair_box-300x190.jpg\" alt=\"REDfair_box\" width=\"300\" height=\"190\" class=\"alignnone size-medium wp-image-494257\"\/><\/div>\n<div>\n<h2>Unsere Altteilkriterien<\/h2>\n<p>Die von Ihnen angebotenen Gebrauchtteile d\u00fcrfen keine Spuren von vors\u00e4tzlicher Besch\u00e4digung, unsachgem\u00e4\u00dfer Montage oder falscher Lagerung aufweisen. Des Weiteren werden unvollst\u00e4ndige oder demontierte Aggregate nicht angekauft. Die folgenden Abbildungen zeigen typische Beispiele derartiger Defekte. Altteile, die solche Sch\u00e4den aufweisen, sind nicht mehr instandsetzungsf\u00e4hig.<\/p>\n<\/div>\n<div style=\"clear:both\"><\/div>\n<div style=\"float:left\"><img loading=\"lazy\" src=\"http:\/\/www.redfair.de\/wp-content\/uploads\/2016\/02\/RK_montage-300x110.jpg\" alt=\"RK_montage\" width=\"300\" height=\"110\" class=\"alignnone size-medium wp-image-494240\" srcset=\"https:\/\/nk-altteile.5477453031063.hostingkunde.de\/wp-content\/uploads\/sites\/10\/2016\/02\/RK_montage-300x110.jpg 300w, https:\/\/nk-altteile.5477453031063.hostingkunde.de\/wp-content\/uploads\/sites\/10\/2016\/02\/RK_montage-160x59.jpg 160w, https:\/\/nk-altteile.5477453031063.hostingkunde.de\/wp-content\/uploads\/sites\/10\/2016\/02\/RK_montage-120x44.jpg 120w, https:\/\/nk-altteile.5477453031063.hostingkunde.de\/wp-content\/uploads\/sites\/10\/2016\/02\/RK_montage-400x147.jpg 400w, https:\/\/nk-altteile.5477453031063.hostingkunde.de\/wp-content\/uploads\/sites\/10\/2016\/02\/RK_montage.jpg 516w\" sizes=\"(max-width: 300px) 100vw, 300px\" \/><\/div>\n<div>\n<h3>Besch\u00e4digung durch unsachgem\u00e4\u00dfe Montage<\/h3>\n<ul>\n<li>Flansch gebrochen\n<li>Befestigungsbohrung aufgeweitet und gebrochen\n<\/ul>\n<\/div>\n<div style=\"clear:both\"><\/div>\n<div style=\"float:left\"><img loading=\"lazy\" src=\"http:\/\/www.redfair.de\/wp-content\/uploads\/2016\/02\/RK_lagerung-300x110.jpg\" alt=\"RK_montage\" width=\"300\" height=\"110\" class=\"alignnone size-medium wp-image-494240\" \/><\/div>\n<h3>Besch\u00e4digung durch unsachgem\u00e4\u00dfe Lagerung<\/h3>\n<ul>\n<li>Starke Korrosion am gesamten Aggregat\n<\/ul>\n<\/div>\n<div style=\"clear:both\"><\/div>\n<div style=\"float:left\"><img loading=\"lazy\" src=\"http:\/\/www.redfair.de\/wp-content\/uploads\/2016\/02\/RK_vorsatz-300x110.jpg\" alt=\"RK_montage\" width=\"300\" height=\"110\" class=\"alignnone size-medium wp-image-494240\" \/><\/div>\n<div>\n<h3>Vors\u00e4tzliche Besch\u00e4digung<\/h3>\n<ul>\n<li>Starter durch Hammerschl\u00e4ge besch\u00e4digt\n<li>Freilaufriemenscheibe abgetrennt\n<\/ul>\n<\/div>\n<div style=\"clear:both\"><\/div>\n<div style=\"float:left\"><img loading=\"lazy\" src=\"http:\/\/www.redfair.de\/wp-content\/uploads\/2016\/02\/RK_unvollstaendig-300x110.jpg\" alt=\"RK_montage\" width=\"300\" height=\"110\" class=\"alignnone size-medium wp-image-494240\" \/><\/div>\n<div>\n<h3>Unvollst\u00e4ndig<\/h3>\n<ul>\n<li>Vakuumpumpe fehlt\n<li>Freilaufriemenscheibe fehlt\n<\/ul>\n<\/div>\n","protected":false},"excerpt":{"rendered":"<p>Unsere Altteilkriterien Die von Ihnen angebotenen Gebrauchtteile d\u00fcrfen keine Spuren von vors\u00e4tzlicher Besch\u00e4digung, unsachgem\u00e4\u00dfer Montage oder falscher Lagerung aufweisen. Des Weiteren werden unvollst\u00e4ndige oder demontierte Aggregate nicht angekauft. Die folgenden Abbildungen zeigen typische Beispiele derartiger Defekte. Altteile, die solche Sch\u00e4den aufweisen, sind nicht mehr instandsetzungsf\u00e4hig. Besch\u00e4digung durch unsachgem\u00e4\u00dfe Montage Flansch gebrochen Befestigungsbohrung aufgeweitet und gebrochen [&hellip;]<\/p>\n","protected":false},"author":1,"featured_media":0,"parent":0,"menu_order":0,"comment_status":"closed","ping_status":"closed","template":"","meta":[],"tags":[],"yoast_head":"<!-- This site is optimized with the Yoast SEO plugin v14.8.1 - https:\/\/yoast.com\/wordpress\/plugins\/seo\/ -->\n<meta name=\"robots\" content=\"noindex, follow\" \/>\n<meta property=\"og:locale\" content=\"en_US\" \/>\n<meta property=\"og:type\" content=\"article\" \/>\n<meta property=\"og:title\" content=\"Altteilkriterien - NK-Altteile\" \/>\n<meta property=\"og:description\" content=\"Unsere Altteilkriterien Die von Ihnen angebotenen Gebrauchtteile d\u00fcrfen keine Spuren von vors\u00e4tzlicher Besch\u00e4digung, unsachgem\u00e4\u00dfer Montage oder falscher Lagerung aufweisen. Des Weiteren werden unvollst\u00e4ndige oder demontierte Aggregate nicht angekauft. Die folgenden Abbildungen zeigen typische Beispiele derartiger Defekte. Altteile, die solche Sch\u00e4den aufweisen, sind nicht mehr instandsetzungsf\u00e4hig. Besch\u00e4digung durch unsachgem\u00e4\u00dfe Montage Flansch gebrochen Befestigungsbohrung aufgeweitet und gebrochen [&hellip;]\" \/>\n<meta property=\"og:url\" content=\"https:\/\/nk-altteile.5477453031063.hostingkunde.de\/?page_id=494149&amp;lang=de\" \/>\n<meta property=\"og:site_name\" content=\"NK-Altteile\" \/>\n<meta property=\"article:modified_time\" content=\"2016-11-04T15:08:43+00:00\" \/>\n<meta property=\"og:image\" content=\"http:\/\/www.redfair.de\/wp-content\/uploads\/2016\/02\/RK_montage-300x110.jpg\" \/>\n<meta name=\"twitter:card\" content=\"summary_large_image\" \/>\n<script type=\"application\/ld+json\" class=\"yoast-schema-graph\">{\"@context\":\"https:\/\/schema.org\",\"@graph\":[{\"@type\":\"WebSite\",\"@id\":\"https:\/\/nk-altteile.5477453031063.hostingkunde.de\/#website\",\"url\":\"https:\/\/nk-altteile.5477453031063.hostingkunde.de\/\",\"name\":\"NK-Altteile\",\"description\":\"Wir kaufen Altteile wie Anlasser und Lichtmaschinen an\",\"potentialAction\":[{\"@type\":\"SearchAction\",\"target\":\"https:\/\/nk-altteile.5477453031063.hostingkunde.de\/?s={search_term_string}\",\"query-input\":\"required name=search_term_string\"}],\"inLanguage\":\"de\"},{\"@type\":\"ImageObject\",\"@id\":\"https:\/\/nk-altteile.5477453031063.hostingkunde.de\/?page_id=494149&lang=de#primaryimage\",\"inLanguage\":\"de\",\"url\":\"http:\/\/www.redfair.de\/wp-content\/uploads\/2016\/02\/RK_montage-300x110.jpg\"},{\"@type\":\"WebPage\",\"@id\":\"https:\/\/nk-altteile.5477453031063.hostingkunde.de\/?page_id=494149&lang=de#webpage\",\"url\":\"https:\/\/nk-altteile.5477453031063.hostingkunde.de\/?page_id=494149&lang=de\",\"name\":\"Altteilkriterien - NK-Altteile\",\"isPartOf\":{\"@id\":\"https:\/\/nk-altteile.5477453031063.hostingkunde.de\/#website\"},\"primaryImageOfPage\":{\"@id\":\"https:\/\/nk-altteile.5477453031063.hostingkunde.de\/?page_id=494149&lang=de#primaryimage\"},\"datePublished\":\"2016-01-05T14:48:15+00:00\",\"dateModified\":\"2016-11-04T15:08:43+00:00\",\"inLanguage\":\"de\",\"potentialAction\":[{\"@type\":\"ReadAction\",\"target\":[\"https:\/\/nk-altteile.5477453031063.hostingkunde.de\/?page_id=494149&lang=de\"]}]}]}<\/script>\n<!-- \/ Yoast SEO plugin. -->","_links":{"self":[{"href":"https:\/\/nk-altteile.5477453031063.hostingkunde.de\/index.php?rest_route=\/wp\/v2\/pages\/494149"}],"collection":[{"href":"https:\/\/nk-altteile.5477453031063.hostingkunde.de\/index.php?rest_route=\/wp\/v2\/pages"}],"about":[{"href":"https:\/\/nk-altteile.5477453031063.hostingkunde.de\/index.php?rest_route=\/wp\/v2\/types\/page"}],"author":[{"embeddable":true,"href":"https:\/\/nk-altteile.5477453031063.hostingkunde.de\/index.php?rest_route=\/wp\/v2\/users\/1"}],"replies":[{"embeddable":true,"href":"https:\/\/nk-altteile.5477453031063.hostingkunde.de\/index.php?rest_route=%2Fwp%2Fv2%2Fcomments&post=494149"}],"version-history":[{"count":398,"href":"https:\/\/nk-altteile.5477453031063.hostingkunde.de\/index.php?rest_route=\/wp\/v2\/pages\/494149\/revisions"}],"predecessor-version":[{"id":500341,"href":"https:\/\/nk-altteile.5477453031063.hostingkunde.de\/index.php?rest_route=\/wp\/v2\/pages\/494149\/revisions\/500341"}],"wp:attachment":[{"href":"https:\/\/nk-altteile.5477453031063.hostingkunde.de\/index.php?rest_route=%2Fwp%2Fv2%2Fmedia&parent=494149"}],"wp:term":[{"taxonomy":"post_tag","embeddable":true,"href":"https:\/\/nk-altteile.5477453031063.hostingkunde.de\/index.php?rest_route=%2Fwp%2Fv2%2Ftags&post=494149"}],"curies":[{"name":"wp","href":"https:\/\/api.w.org\/{rel}","templated":true}]}}