{"id":48105,"date":"2014-01-24T12:15:01","date_gmt":"2014-01-24T10:15:01","guid":{"rendered":"http:\/\/www.ftv-auto.de\/agb\/"},"modified":"2016-05-24T16:38:00","modified_gmt":"2016-05-24T14:38:00","slug":"agbs","status":"publish","type":"page","link":"https:\/\/nk-altteile.5477453031063.hostingkunde.de\/?page_id=48105&lang=de","title":{"rendered":"AGBs"},"content":{"rendered":"<h2>Allgemeine Gesch\u00e4ftsbedingungen der M. Friesen GmbH GmbH f\u00fcr den Ankauf von Altteilen der Marke REDfair<\/h2>\n<h3>I. Geltungsbereich<\/h3>\n<ol>\n<li>Diese Allgemeinen Gesch\u00e4ftsbedingungen gelten f\u00fcr den Ankauf \u00fcber redfair.de. Sie werden in der jeweils g\u00fcltigen Fassung Inhalt des Vertrages.<\/li>\n<li>Diese Allgemeinen Gesch\u00e4ftsbedingungen gelten f\u00fcr den Ankauf von sog. Altteilen von Startern und Generatoren (nachfolgend &#8222;Ware&#8220;).<\/li>\n<li>Diese Allgemeinen Gesch\u00e4ftsbedingungen gelten gegen\u00fcber Verbrauchern gem\u00e4\u00df \u00a713 BGB und Unternehmern gem\u00e4\u00df \u00a714 BGB.<\/li>\n<li>Durch den Abschluss jedes Verkaufes ist der Verk\u00e4ufer mit den derzeit aktuellen Allgemeinen Gesch\u00e4ftsbedingungen einverstanden.<\/li>\n<\/ol>\n<h3>II. Ankaufsvoraussetzungen<\/h3>\n<ol>\n<li>FRIESEN kauft ausschlie\u00dflich Ware von Verbrauchern und Unternehmern, die beim Verkauf nicht in Aus\u00fcbung einer gewerblichen oder gesch\u00e4ftlichen T\u00e4tigkeit handeln.<\/li>\n<li>FRIESEN kauft nur Ware, die im Eigentum des Verk\u00e4ufers steht und frei von Rechten Dritter ist und den Ankaufsbedingungen bzw. Altteilkriterien entspricht. Diese finden Sie hier. (Altteilkriterien hinterlegen)<\/li>\n<li>FRIESEN kauft nur Ware mit einem Mindestverkaufsbetrag von 10,00 EUR.<\/li>\n<\/ol>\n<h3>III. Angebote, Vertragsschluss<\/h3>\n<ol>\n<li>Der Verk\u00e4ufer gibt in das auf der Startseite befindliche Eingabefeld die f\u00fcr den Artikel entsprechende OE-Nummer ein.<\/li>\n<li>FRIESEN unterbreitet dem Verk\u00e4ufer zu diesem Artikel einen Preisvorschlag. Nimmt der Verk\u00e4ufer diesen an, f\u00fcgt er den Artikel seiner Gitterbox zu. F\u00fcr das Abschlie\u00dfen der Gitterbox folgt der Verk\u00e4ufer den folgenden Anweisungen.<\/li>\n<li>Die Angabe des Ankaufspreises und der Ausdruck der Versandpapiere durch den Verk\u00e4ufer sind nicht bindend, sondern sind lediglich als Aufforderung an den K\u00e4ufer zu verstehen, ein Kaufangebot zu machen. Unverz\u00fcglich nach Eingang des Kaufangebots erh\u00e4lt der Verk\u00e4ufer eine Best\u00e4tigung \u00fcber den Empfang des Kaufangebots, die keine Annahme seines Angebots darstellt. Die m\u00f6gliche Annahme erfolgt durch Mitteilung des Kaufes (per E-Mail) oder durch \u00dcberweisung des Kaufpreises. Der jeweilige Kaufvertrag kommt erst mit der Annahme zustande.<\/li>\n<li>Bietet der Verk\u00e4ufer mehrere Artikel zum Kauf an, wird \u00fcber jeden einzelnen angenommenen Artikel ein separater Kaufvertrag geschlossen.<\/li>\n<li>Der Verk\u00e4ufer ist an das Kaufangebot 10 Tage nach \u00dcbersendung des Kaufangebots gebunden.<\/li>\n<li>Entspricht die Ware nicht den Ankaufsbedingungen, wird eine andere als die angebotene Ware zugesandt oder geht die Ware sp\u00e4ter als 21 Tage nach dem Kaufangebot ein, so wird das Kaufangebot nicht angenommen.<\/li>\n<li>Der Verk\u00e4ufer wird dreimalig im Abstand von jeweils 14 Tagen aufgefordert, eine Entscheidung \u00fcber den Verbleib der abgelehnten Ware zu treffen. Erh\u00e4lt FRIESEN innerhalb der genannten Frist vom Verk\u00e4ufer keine R\u00fcckmeldung, geht die Ware in das Eigentum von FRIESEN \u00fcber.<\/li>\n<\/ol>\n<h3>IV. Preise, Versandkosten, Lieferung<\/h3>\n<ol>\n<li>Der Kaufpreis versteht sich einschlie\u00dflich Verpackung durch den Verk\u00e4ufer. Nutzt der Verk\u00e4ufer keine der auf der jeweiligen Website angebotenen kostenfreien Versandarten, tr\u00e4gt er die Versandkosten.<\/li>\n<li>Der Verk\u00e4ufer wird angehalten, die Ware unverz\u00fcglich nach der Abgabe seines Kaufangebots zu versenden.<\/li>\n<li>Die Gefahr des zuf\u00e4lligen Untergangs oder der zuf\u00e4lligen Verschlechterung der Ware geht nach Pr\u00fcfung der eingesandten Ware, sp\u00e4testens aber drei Werktage nach Eingang der Ware auf FRIESEN \u00fcber. Ausgeschlossen davon sind Artikel, die nicht den Ankaufsbedingungen oder der angebotenen Ware entsprechen.<\/li>\n<\/ol>\n<h3>V. Auszahlungsbedingungen<\/h3>\n<ol>\n<li>Die Zahlung ist sp\u00e4testens 21 Tage nach Wareneingang f\u00e4llig. Eine Barzahlung ist ausgeschlossen.<\/li>\n<\/ol>\n<h3>VI. Pflichten bei M\u00e4ngeln<\/h3>\n<ol>\n<li>Ist die Ware mangelhaft, so gelten die gesetzlichen M\u00e4ngelrechte. Dies gilt auch bei Besch\u00e4digungen, die auf eine nicht ordnungsgem\u00e4\u00dfe Verpackung zur\u00fcckzuf\u00fchren sind.<\/li>\n<li>M\u00e4ngelanspr\u00fcche verj\u00e4hren nach Ablauf eines Jahres nach Eingang der Ware.<\/li>\n<\/ol>\n<h3>VII. Haftungsausschluss<\/h3>\n<ol>\n<li>Der Haftungsausschluss gilt, wenn kein Verkauf zustande kommt und der Verk\u00e4ufer sich f\u00fcr das Recycling der Ware entschieden hat.<\/li>\n<\/ol>\n<h3>VIII. Anwendbares Recht<\/h3>\n<ol>\n<li>Die zwischen FRIESEN und dem Verk\u00e4ufer geschlossenen Vertr\u00e4ge unterliegen dem Recht der Bundesrepublik Deutschland unter Ausschluss des UN-Kaufrechts (CISG).<\/li>\n<\/ol>\n","protected":false},"excerpt":{"rendered":"<p>Allgemeine Gesch\u00e4ftsbedingungen der M. Friesen GmbH GmbH f\u00fcr den Ankauf von Altteilen der Marke REDfair I. Geltungsbereich Diese Allgemeinen Gesch\u00e4ftsbedingungen gelten f\u00fcr den Ankauf \u00fcber redfair.de. Sie werden in der jeweils g\u00fcltigen Fassung Inhalt des Vertrages. Diese Allgemeinen Gesch\u00e4ftsbedingungen gelten f\u00fcr den Ankauf von sog. Altteilen von Startern und Generatoren (nachfolgend &#8222;Ware&#8220;). Diese Allgemeinen Gesch\u00e4ftsbedingungen [&hellip;]<\/p>\n","protected":false},"author":1,"featured_media":0,"parent":0,"menu_order":7,"comment_status":"open","ping_status":"open","template":"","meta":[],"tags":[],"yoast_head":"<!-- This site is optimized with the Yoast SEO plugin v14.8.1 - https:\/\/yoast.com\/wordpress\/plugins\/seo\/ -->\n<meta name=\"robots\" content=\"noindex, follow\" \/>\n<meta property=\"og:locale\" content=\"en_US\" \/>\n<meta property=\"og:type\" content=\"article\" \/>\n<meta property=\"og:title\" content=\"AGBs - NK-Altteile\" \/>\n<meta property=\"og:description\" content=\"Allgemeine Gesch\u00e4ftsbedingungen der M. Friesen GmbH GmbH f\u00fcr den Ankauf von Altteilen der Marke REDfair I. Geltungsbereich Diese Allgemeinen Gesch\u00e4ftsbedingungen gelten f\u00fcr den Ankauf \u00fcber redfair.de. Sie werden in der jeweils g\u00fcltigen Fassung Inhalt des Vertrages. Diese Allgemeinen Gesch\u00e4ftsbedingungen gelten f\u00fcr den Ankauf von sog. Altteilen von Startern und Generatoren (nachfolgend &#8222;Ware&#8220;). Diese Allgemeinen Gesch\u00e4ftsbedingungen [&hellip;]\" \/>\n<meta property=\"og:url\" content=\"https:\/\/nk-altteile.5477453031063.hostingkunde.de\/?page_id=48105&amp;lang=de\" \/>\n<meta property=\"og:site_name\" content=\"NK-Altteile\" \/>\n<meta property=\"article:modified_time\" content=\"2016-05-24T14:38:00+00:00\" \/>\n<meta name=\"twitter:card\" content=\"summary_large_image\" \/>\n<script type=\"application\/ld+json\" class=\"yoast-schema-graph\">{\"@context\":\"https:\/\/schema.org\",\"@graph\":[{\"@type\":\"WebSite\",\"@id\":\"https:\/\/nk-altteile.5477453031063.hostingkunde.de\/#website\",\"url\":\"https:\/\/nk-altteile.5477453031063.hostingkunde.de\/\",\"name\":\"NK-Altteile\",\"description\":\"Wir kaufen Altteile wie Anlasser und Lichtmaschinen an\",\"potentialAction\":[{\"@type\":\"SearchAction\",\"target\":\"https:\/\/nk-altteile.5477453031063.hostingkunde.de\/?s={search_term_string}\",\"query-input\":\"required name=search_term_string\"}],\"inLanguage\":\"de\"},{\"@type\":\"WebPage\",\"@id\":\"https:\/\/nk-altteile.5477453031063.hostingkunde.de\/?page_id=48105&lang=de#webpage\",\"url\":\"https:\/\/nk-altteile.5477453031063.hostingkunde.de\/?page_id=48105&lang=de\",\"name\":\"AGBs - NK-Altteile\",\"isPartOf\":{\"@id\":\"https:\/\/nk-altteile.5477453031063.hostingkunde.de\/#website\"},\"datePublished\":\"2014-01-24T10:15:01+00:00\",\"dateModified\":\"2016-05-24T14:38:00+00:00\",\"inLanguage\":\"de\",\"potentialAction\":[{\"@type\":\"ReadAction\",\"target\":[\"https:\/\/nk-altteile.5477453031063.hostingkunde.de\/?page_id=48105&lang=de\"]}]}]}<\/script>\n<!-- \/ Yoast SEO plugin. -->","_links":{"self":[{"href":"https:\/\/nk-altteile.5477453031063.hostingkunde.de\/index.php?rest_route=\/wp\/v2\/pages\/48105"}],"collection":[{"href":"https:\/\/nk-altteile.5477453031063.hostingkunde.de\/index.php?rest_route=\/wp\/v2\/pages"}],"about":[{"href":"https:\/\/nk-altteile.5477453031063.hostingkunde.de\/index.php?rest_route=\/wp\/v2\/types\/page"}],"author":[{"embeddable":true,"href":"https:\/\/nk-altteile.5477453031063.hostingkunde.de\/index.php?rest_route=\/wp\/v2\/users\/1"}],"replies":[{"embeddable":true,"href":"https:\/\/nk-altteile.5477453031063.hostingkunde.de\/index.php?rest_route=%2Fwp%2Fv2%2Fcomments&post=48105"}],"version-history":[{"count":14,"href":"https:\/\/nk-altteile.5477453031063.hostingkunde.de\/index.php?rest_route=\/wp\/v2\/pages\/48105\/revisions"}],"predecessor-version":[{"id":494345,"href":"https:\/\/nk-altteile.5477453031063.hostingkunde.de\/index.php?rest_route=\/wp\/v2\/pages\/48105\/revisions\/494345"}],"wp:attachment":[{"href":"https:\/\/nk-altteile.5477453031063.hostingkunde.de\/index.php?rest_route=%2Fwp%2Fv2%2Fmedia&parent=48105"}],"wp:term":[{"taxonomy":"post_tag","embeddable":true,"href":"https:\/\/nk-altteile.5477453031063.hostingkunde.de\/index.php?rest_route=%2Fwp%2Fv2%2Ftags&post=48105"}],"curies":[{"name":"wp","href":"https:\/\/api.w.org\/{rel}","templated":true}]}}