{"id":198069,"date":"2014-02-27T10:20:14","date_gmt":"2014-02-27T08:20:14","guid":{"rendered":"http:\/\/www.ftv-auto.de\/?page_id=198069"},"modified":"2016-09-05T13:08:29","modified_gmt":"2016-09-05T11:08:29","slug":"anfrage","status":"publish","type":"page","link":"https:\/\/nk-altteile.5477453031063.hostingkunde.de\/?page_id=198069&lang=de","title":{"rendered":"Kontakt"},"content":{"rendered":"<div class=\"span7\">Sie haben Fragen zu unseren Produkten oder oder unseren Ankaufbedingugen? Dann schicken Sie uns doch gleich hier eine Nachricht oder rufen Sie uns an. Wir w\u00fcrden uns freuen, wenn wir Ihnen weiterhelfen k\u00f6nnen!<\/div>\n<div class=\"span7\"><\/div>\n<div class=\"span7\"><strong><\/strong><\/div>\n<div class=\"span7\"><div role=\"form\" class=\"wpcf7\" id=\"wpcf7-f198068-o1\" lang=\"de-DE\" dir=\"ltr\">\n<div class=\"screen-reader-response\" role=\"alert\" aria-live=\"polite\"><\/div>\n<form action=\"\/index.php?rest_route=%2Fwp%2Fv2%2Fpages%2F198069#wpcf7-f198068-o1\" method=\"post\" class=\"wpcf7-form init\" novalidate=\"novalidate\">\n<div style=\"display: none;\">\n<input type=\"hidden\" name=\"_wpcf7\" value=\"198068\" \/>\n<input type=\"hidden\" name=\"_wpcf7_version\" value=\"5.2.2\" \/>\n<input type=\"hidden\" name=\"_wpcf7_locale\" value=\"de_DE\" \/>\n<input type=\"hidden\" name=\"_wpcf7_unit_tag\" value=\"wpcf7-f198068-o1\" \/>\n<input type=\"hidden\" name=\"_wpcf7_container_post\" value=\"0\" \/>\n<input type=\"hidden\" name=\"_wpcf7_posted_data_hash\" value=\"\" \/>\n<\/div>\n<div class=\"row-fluid\">\n<div class=\"span3\">Anrede<\/div>\n<div class=\"span9\"><span class=\"wpcf7-form-control-wrap radio-579\"><span class=\"wpcf7-form-control wpcf7-radio\"><span class=\"wpcf7-list-item first\"><input type=\"radio\" name=\"radio-579\" value=\"Herr\" \/><span class=\"wpcf7-list-item-label\">Herr<\/span><\/span><span class=\"wpcf7-list-item last\"><input type=\"radio\" name=\"radio-579\" value=\"Frau\" \/><span class=\"wpcf7-list-item-label\">Frau<\/span><\/span><\/span><\/span><\/div>\n<\/div>\n<div class=\"row-fluid\">\n<div class=\"span3\">Vorname<\/div>\n<div class=\"span9\"><span class=\"wpcf7-form-control-wrap vorname\"><input type=\"text\" name=\"vorname\" value=\"\" size=\"40\" class=\"wpcf7-form-control wpcf7-text\" aria-invalid=\"false\" \/><\/span><\/div>\n<\/div>\n<div class=\"row-fluid\">\n<div class=\"span3\">Nachname<\/div>\n<div class=\"span9\"><span class=\"wpcf7-form-control-wrap nachname\"><input type=\"text\" name=\"nachname\" value=\"\" size=\"40\" class=\"wpcf7-form-control wpcf7-text\" aria-invalid=\"false\" \/><\/span><\/div>\n<\/div>\n<div class=\"row-fluid\">\n<div class=\"span3\">Telefon<\/div>\n<div class=\"span9\"><span class=\"wpcf7-form-control-wrap tel-167\"><input type=\"text\" name=\"tel-167\" value=\"\" size=\"40\" class=\"wpcf7-form-control wpcf7-text\" aria-invalid=\"false\" \/><\/span><\/div>\n<\/div>\n<div class=\"row-fluid\">\n<div class=\"span3\">E-Mail<\/div>\n<div class=\"span9\"><span class=\"wpcf7-form-control-wrap your-email\"><input type=\"email\" name=\"your-email\" value=\"\" size=\"40\" class=\"wpcf7-form-control wpcf7-text wpcf7-email wpcf7-validates-as-required wpcf7-validates-as-email\" aria-required=\"true\" aria-invalid=\"false\" \/><\/span><\/div>\n<\/div>\n<div class=\"row-fluid\">\n<div class=\"span3\">Ihr Anliegen<\/div>\n<div class=\"span9\"><span class=\"wpcf7-form-control-wrap your-message\"><textarea name=\"your-message\" cols=\"40\" rows=\"10\" class=\"wpcf7-form-control wpcf7-textarea\" aria-invalid=\"false\"><\/textarea><\/span><\/div>\n<\/div>\n<p><input type=\"submit\" value=\"Senden\" class=\"wpcf7-form-control wpcf7-submit\" \/><\/p>\n<div class=\"wpcf7-response-output\" role=\"alert\" aria-hidden=\"true\"><\/div><\/form><\/div><\/div>\n<div class=\"span5 contact-right pull-right\">\n<img loading=\"lazy\" class=\"size-full wp-image-237603\" src=\"http:\/\/www.ftv-auto.de\/wp-content\/uploads\/2014\/02\/kontaktbild.jpg\" alt=\"kontaktbild\" width=\"220\" height=\"220\" srcset=\"https:\/\/nk-altteile.5477453031063.hostingkunde.de\/wp-content\/uploads\/sites\/10\/2014\/02\/kontaktbild.jpg 220w, https:\/\/nk-altteile.5477453031063.hostingkunde.de\/wp-content\/uploads\/sites\/10\/2014\/02\/kontaktbild-150x150.jpg 150w, https:\/\/nk-altteile.5477453031063.hostingkunde.de\/wp-content\/uploads\/sites\/10\/2014\/02\/kontaktbild-119x120.jpg 119w, https:\/\/nk-altteile.5477453031063.hostingkunde.de\/wp-content\/uploads\/sites\/10\/2014\/02\/kontaktbild-120x120.jpg 120w, https:\/\/nk-altteile.5477453031063.hostingkunde.de\/wp-content\/uploads\/sites\/10\/2014\/02\/kontaktbild-180x180.jpg 180w\" sizes=\"(max-width: 220px) 100vw, 220px\" \/>\n<div class=\"contact-container\">\n<table class=\"contact-table\">\n<tbody>\n<tr>\n<td colspan=\"2\">Wir sind f\u00fcr Sie da!<\/td>\n<\/tr>\n<tr>\n<td><\/td>\n<\/tr>\n<tr>\n<td>Telefon:<\/td>\n<td><strong>03301- 83 14 10<\/strong><\/td>\n<\/tr>\n<tr>\n<td>E-Mail:<\/td>\n<td><strong><a href=\"mailto:info@friesen-team.de\">info@friesen-team.de<\/a><\/strong><\/td>\n<\/tr>\n<\/tbody>\n<\/table>\n<\/div>\n<\/div>\n","protected":false},"excerpt":{"rendered":"<p>Sie haben Fragen zu unseren Produkten oder oder unseren Ankaufbedingugen? Dann schicken Sie uns doch gleich hier eine Nachricht oder rufen Sie uns an. Wir w\u00fcrden uns freuen, wenn wir Ihnen weiterhelfen k\u00f6nnen! Wir sind f\u00fcr Sie da! Telefon: 03301- 83 14 10 E-Mail: info@friesen-team.de<\/p>\n","protected":false},"author":1,"featured_media":0,"parent":0,"menu_order":0,"comment_status":"closed","ping_status":"closed","template":"","meta":[],"tags":[],"yoast_head":"<!-- This site is optimized with the Yoast SEO plugin v14.8.1 - https:\/\/yoast.com\/wordpress\/plugins\/seo\/ -->\n<meta name=\"robots\" content=\"noindex, follow\" \/>\n<meta property=\"og:locale\" content=\"en_US\" \/>\n<meta property=\"og:type\" content=\"article\" \/>\n<meta property=\"og:title\" content=\"Kontakt - NK-Altteile\" \/>\n<meta property=\"og:description\" content=\"Sie haben Fragen zu unseren Produkten oder oder unseren Ankaufbedingugen? Dann schicken Sie uns doch gleich hier eine Nachricht oder rufen Sie uns an. Wir w\u00fcrden uns freuen, wenn wir Ihnen weiterhelfen k\u00f6nnen! Wir sind f\u00fcr Sie da! Telefon: 03301- 83 14 10 E-Mail: info@friesen-team.de\" \/>\n<meta property=\"og:url\" content=\"https:\/\/nk-altteile.5477453031063.hostingkunde.de\/?page_id=198069&amp;lang=de\" \/>\n<meta property=\"og:site_name\" content=\"NK-Altteile\" \/>\n<meta property=\"article:modified_time\" content=\"2016-09-05T11:08:29+00:00\" \/>\n<meta property=\"og:image\" content=\"http:\/\/www.ftv-auto.de\/wp-content\/uploads\/2014\/02\/kontaktbild.jpg\" \/>\n<meta name=\"twitter:card\" content=\"summary_large_image\" \/>\n<script type=\"application\/ld+json\" class=\"yoast-schema-graph\">{\"@context\":\"https:\/\/schema.org\",\"@graph\":[{\"@type\":\"WebSite\",\"@id\":\"https:\/\/nk-altteile.5477453031063.hostingkunde.de\/#website\",\"url\":\"https:\/\/nk-altteile.5477453031063.hostingkunde.de\/\",\"name\":\"NK-Altteile\",\"description\":\"Wir kaufen Altteile wie Anlasser und Lichtmaschinen an\",\"potentialAction\":[{\"@type\":\"SearchAction\",\"target\":\"https:\/\/nk-altteile.5477453031063.hostingkunde.de\/?s={search_term_string}\",\"query-input\":\"required name=search_term_string\"}],\"inLanguage\":\"de\"},{\"@type\":\"ImageObject\",\"@id\":\"https:\/\/nk-altteile.5477453031063.hostingkunde.de\/?page_id=198069&lang=de#primaryimage\",\"inLanguage\":\"de\",\"url\":\"http:\/\/www.ftv-auto.de\/wp-content\/uploads\/2014\/02\/kontaktbild.jpg\"},{\"@type\":\"WebPage\",\"@id\":\"https:\/\/nk-altteile.5477453031063.hostingkunde.de\/?page_id=198069&lang=de#webpage\",\"url\":\"https:\/\/nk-altteile.5477453031063.hostingkunde.de\/?page_id=198069&lang=de\",\"name\":\"Kontakt - NK-Altteile\",\"isPartOf\":{\"@id\":\"https:\/\/nk-altteile.5477453031063.hostingkunde.de\/#website\"},\"primaryImageOfPage\":{\"@id\":\"https:\/\/nk-altteile.5477453031063.hostingkunde.de\/?page_id=198069&lang=de#primaryimage\"},\"datePublished\":\"2014-02-27T08:20:14+00:00\",\"dateModified\":\"2016-09-05T11:08:29+00:00\",\"inLanguage\":\"de\",\"potentialAction\":[{\"@type\":\"ReadAction\",\"target\":[\"https:\/\/nk-altteile.5477453031063.hostingkunde.de\/?page_id=198069&lang=de\"]}]}]}<\/script>\n<!-- \/ Yoast SEO plugin. -->","_links":{"self":[{"href":"https:\/\/nk-altteile.5477453031063.hostingkunde.de\/index.php?rest_route=\/wp\/v2\/pages\/198069"}],"collection":[{"href":"https:\/\/nk-altteile.5477453031063.hostingkunde.de\/index.php?rest_route=\/wp\/v2\/pages"}],"about":[{"href":"https:\/\/nk-altteile.5477453031063.hostingkunde.de\/index.php?rest_route=\/wp\/v2\/types\/page"}],"author":[{"embeddable":true,"href":"https:\/\/nk-altteile.5477453031063.hostingkunde.de\/index.php?rest_route=\/wp\/v2\/users\/1"}],"replies":[{"embeddable":true,"href":"https:\/\/nk-altteile.5477453031063.hostingkunde.de\/index.php?rest_route=%2Fwp%2Fv2%2Fcomments&post=198069"}],"version-history":[{"count":302,"href":"https:\/\/nk-altteile.5477453031063.hostingkunde.de\/index.php?rest_route=\/wp\/v2\/pages\/198069\/revisions"}],"predecessor-version":[{"id":500268,"href":"https:\/\/nk-altteile.5477453031063.hostingkunde.de\/index.php?rest_route=\/wp\/v2\/pages\/198069\/revisions\/500268"}],"wp:attachment":[{"href":"https:\/\/nk-altteile.5477453031063.hostingkunde.de\/index.php?rest_route=%2Fwp%2Fv2%2Fmedia&parent=198069"}],"wp:term":[{"taxonomy":"post_tag","embeddable":true,"href":"https:\/\/nk-altteile.5477453031063.hostingkunde.de\/index.php?rest_route=%2Fwp%2Fv2%2Ftags&post=198069"}],"curies":[{"name":"wp","href":"https:\/\/api.w.org\/{rel}","templated":true}]}}